{"id":22,"date":"2024-10-17T14:00:51","date_gmt":"2024-10-17T12:00:51","guid":{"rendered":"https:\/\/lalsacienne.com\/?page_id=22"},"modified":"2025-10-17T09:44:14","modified_gmt":"2025-10-17T07:44:14","slug":"accueil","status":"publish","type":"page","link":"https:\/\/lalsacienne.com\/","title":{"rendered":"Accueil"},"content":{"rendered":"\n<div class=\"wp-block-group alignfull has-global-padding is-layout-constrained wp-container-core-group-is-layout-51b24e72 wp-block-group-is-layout-constrained\" style=\"margin-top:0;margin-bottom:0;padding-top:0rem;padding-right:0;padding-bottom:0rem;padding-left:0\">\n<h2 class=\"wp-block-heading alignfull has-text-align-center has-text-color has-link-color has-large-font-size wp-elements-6556897d56f3d1f52d0409788a7183d8\" style=\"color:#091a7b;margin-top:0;margin-right:var(--wp--preset--spacing--80);margin-bottom:var(--wp--preset--spacing--60);margin-left:var(--wp--preset--spacing--80)\"><strong>Faire rena\u00eetre des marques alimentaires iconiques<\/strong><\/h2>\n\n\n\n<p class=\"has-text-align-center\"><\/p>\n\n\n\n<p class=\"has-text-align-center\"><\/p>\n<\/div>\n\n\n\n<figure class=\"wp-block-gallery alignfull has-nested-images columns-5 is-cropped wp-block-gallery-1 is-layout-flex wp-block-gallery-is-layout-flex\">\n<figure class=\"wp-block-image size-large\"><img loading=\"lazy\" decoding=\"async\" width=\"1024\" height=\"576\" data-id=\"168\" src=\"https:\/\/lalsacienne.com\/wp-content\/uploads\/2024\/10\/74577291165d603dda0463_merveilles-du-monde-nouvelles-tablette-2-1024x576.jpg\" alt=\"\" class=\"wp-image-168\" srcset=\"https:\/\/lalsacienne.com\/wp-content\/uploads\/2024\/10\/74577291165d603dda0463_merveilles-du-monde-nouvelles-tablette-2-1024x576.jpg 1024w, https:\/\/lalsacienne.com\/wp-content\/uploads\/2024\/10\/74577291165d603dda0463_merveilles-du-monde-nouvelles-tablette-2-300x169.jpg 300w, https:\/\/lalsacienne.com\/wp-content\/uploads\/2024\/10\/74577291165d603dda0463_merveilles-du-monde-nouvelles-tablette-2-768x432.jpg 768w, https:\/\/lalsacienne.com\/wp-content\/uploads\/2024\/10\/74577291165d603dda0463_merveilles-du-monde-nouvelles-tablette-2.jpg 1200w\" sizes=\"auto, (max-width: 1024px) 100vw, 1024px\" \/><\/figure>\n\n\n\n<figure class=\"wp-block-image size-large\"><img loading=\"lazy\" decoding=\"async\" width=\"305\" height=\"588\" data-id=\"180\" src=\"https:\/\/lalsacienne.com\/wp-content\/uploads\/2024\/10\/Picorette-1.png\" alt=\"\" class=\"wp-image-180\" srcset=\"https:\/\/lalsacienne.com\/wp-content\/uploads\/2024\/10\/Picorette-1.png 305w, https:\/\/lalsacienne.com\/wp-content\/uploads\/2024\/10\/Picorette-1-156x300.png 156w\" sizes=\"auto, (max-width: 305px) 100vw, 305px\" \/><\/figure>\n\n\n\n<figure class=\"wp-block-image size-large\"><img loading=\"lazy\" decoding=\"async\" width=\"746\" height=\"717\" data-id=\"203\" src=\"https:\/\/lalsacienne.com\/wp-content\/uploads\/2024\/10\/LAlsacienne-2-1.png\" alt=\"\" class=\"wp-image-203\" srcset=\"https:\/\/lalsacienne.com\/wp-content\/uploads\/2024\/10\/LAlsacienne-2-1.png 746w, https:\/\/lalsacienne.com\/wp-content\/uploads\/2024\/10\/LAlsacienne-2-1-300x288.png 300w\" sizes=\"auto, (max-width: 746px) 100vw, 746px\" \/><\/figure>\n\n\n\n<figure class=\"wp-block-image size-large\"><img loading=\"lazy\" decoding=\"async\" width=\"481\" height=\"587\" data-id=\"186\" src=\"https:\/\/lalsacienne.com\/wp-content\/uploads\/2024\/10\/LRAF-1.png\" alt=\"\" class=\"wp-image-186\" srcset=\"https:\/\/lalsacienne.com\/wp-content\/uploads\/2024\/10\/LRAF-1.png 481w, https:\/\/lalsacienne.com\/wp-content\/uploads\/2024\/10\/LRAF-1-246x300.png 246w\" sizes=\"auto, (max-width: 481px) 100vw, 481px\" \/><\/figure>\n\n\n\n<figure class=\"wp-block-image size-large\"><img loading=\"lazy\" decoding=\"async\" width=\"411\" height=\"463\" data-id=\"208\" src=\"https:\/\/lalsacienne.com\/wp-content\/uploads\/2024\/10\/Olida-2.png\" alt=\"\" class=\"wp-image-208\" srcset=\"https:\/\/lalsacienne.com\/wp-content\/uploads\/2024\/10\/Olida-2.png 411w, https:\/\/lalsacienne.com\/wp-content\/uploads\/2024\/10\/Olida-2-266x300.png 266w\" sizes=\"auto, (max-width: 411px) 100vw, 411px\" \/><\/figure>\n<\/figure>\n\n\n\n<section class=\"wp-block-group alignfull has-text-color has-background has-global-padding is-layout-constrained wp-container-core-group-is-layout-38ad39fd wp-block-group-is-layout-constrained\" style=\"color:#03081e;background-color:#eff9ff;margin-top:0px;padding-top:5.01rem;padding-right:1rem;padding-bottom:5.5rem;padding-left:1rem;font-size:clamp(0.875rem, 0.875rem + ((1vw - 0.2rem) * 0.464), 1.13rem);font-style:normal;font-weight:400;line-height:1.4\">\n<div class=\"wp-block-columns is-layout-flex wp-container-core-columns-is-layout-db2df21c wp-block-columns-is-layout-flex\" style=\"margin-bottom:0px\">\n<div class=\"wp-block-column has-global-padding is-content-justification-left is-layout-constrained wp-container-core-column-is-layout-45800320 wp-block-column-is-layout-constrained\" style=\"padding-top:0;padding-bottom:0;flex-basis:45%\">\n<figure class=\"wp-block-image aligncenter size-full is-resized\"><img loading=\"lazy\" decoding=\"async\" width=\"1920\" height=\"1920\" src=\"https:\/\/lalsacienne.com\/wp-content\/uploads\/2024\/10\/Registered.png\" alt=\"\" class=\"wp-image-141\" style=\"aspect-ratio:1;object-fit:cover;width:358px;height:auto\" srcset=\"https:\/\/lalsacienne.com\/wp-content\/uploads\/2024\/10\/Registered.png 1920w, https:\/\/lalsacienne.com\/wp-content\/uploads\/2024\/10\/Registered-300x300.png 300w, https:\/\/lalsacienne.com\/wp-content\/uploads\/2024\/10\/Registered-1024x1024.png 1024w, https:\/\/lalsacienne.com\/wp-content\/uploads\/2024\/10\/Registered-150x150.png 150w, https:\/\/lalsacienne.com\/wp-content\/uploads\/2024\/10\/Registered-768x768.png 768w, https:\/\/lalsacienne.com\/wp-content\/uploads\/2024\/10\/Registered-1536x1536.png 1536w\" sizes=\"auto, (max-width: 1920px) 100vw, 1920px\" \/><\/figure>\n\n\n\n<figure class=\"wp-block-image aligncenter size-full is-resized\"><img loading=\"lazy\" decoding=\"async\" width=\"1000\" height=\"750\" src=\"https:\/\/lalsacienne.com\/wp-content\/uploads\/2024\/10\/Logo_FOOTER_MDM_site.jpg\" alt=\"\" class=\"wp-image-135\" style=\"aspect-ratio:1;object-fit:cover;width:358px;height:auto\" srcset=\"https:\/\/lalsacienne.com\/wp-content\/uploads\/2024\/10\/Logo_FOOTER_MDM_site.jpg 1000w, https:\/\/lalsacienne.com\/wp-content\/uploads\/2024\/10\/Logo_FOOTER_MDM_site-300x225.jpg 300w, https:\/\/lalsacienne.com\/wp-content\/uploads\/2024\/10\/Logo_FOOTER_MDM_site-768x576.jpg 768w\" sizes=\"auto, (max-width: 1000px) 100vw, 1000px\" \/><\/figure>\n<\/div>\n\n\n\n<div class=\"wp-block-column is-layout-flow wp-block-column-is-layout-flow\">\n<h3 class=\"wp-block-heading has-text-align-left has-text-color\" style=\"color:#07277c;margin-top:3.2rem;margin-bottom:1.01rem;font-size:clamp(1.352rem, 1.352rem + ((1vw - 0.2rem) * 1.542), 2.2rem);font-style:normal;font-weight:500;letter-spacing:0px;line-height:1.3;text-transform:none\">Les atouts de la relance de marques<\/h3>\n\n\n\n<div class=\"wp-block-group has-global-padding is-content-justification-center is-layout-constrained wp-container-core-group-is-layout-0a34cb0c wp-block-group-is-layout-constrained\">\n<p class=\"has-text-align-left has-text-color\" style=\"color:#03081e;margin-top:0rem;font-size:clamp(0.875rem, 0.875rem + ((1vw - 0.2rem) * 0.227), 1rem);font-style:normal;font-weight:400;line-height:1.6\"><strong>Un r\u00e9f\u00e9rencement acc\u00e9l\u00e9r\u00e9<\/strong>&nbsp;: leur notori\u00e9t\u00e9, leur image, leur concept sp\u00e9cifique et leur preuve de succ\u00e8s pass\u00e9e sont des atouts aupr\u00e8s des distributeurs<\/p>\n\n\n\n<p class=\"has-text-align-left has-text-color\" style=\"color:#03081e;margin-top:0rem;font-size:clamp(0.875rem, 0.875rem + ((1vw - 0.2rem) * 0.227), 1rem);font-style:normal;font-weight:400;line-height:1.6\"><strong>Une nostalgie forte des consommateurs<\/strong> pour les marques patrimoniales<\/p>\n\n\n\n<p class=\"has-text-align-left has-text-color\" style=\"color:#03081e;margin-top:0rem;font-size:clamp(0.875rem, 0.875rem + ((1vw - 0.2rem) * 0.227), 1rem);font-style:normal;font-weight:400;line-height:1.6\"><strong>Un buzz aupr\u00e8s des media<\/strong> int\u00e9ress\u00e9s par la renaissance de marques anciennes fran\u00e7aises<\/p>\n<\/div>\n\n\n\n<div class=\"wp-block-group has-global-padding is-content-justification-center is-layout-constrained wp-container-core-group-is-layout-0a34cb0c wp-block-group-is-layout-constrained\">\n<p><\/p>\n\n\n\n<p><\/p>\n\n\n\n<div style=\"height:100px\" aria-hidden=\"true\" class=\"wp-block-spacer\"><\/div>\n\n\n\n<h3 class=\"wp-block-heading has-text-align-left has-text-color\" style=\"color:#07277c;margin-top:var(--wp--preset--spacing--80);margin-bottom:0rem;font-size:clamp(1.352rem, 1.352rem + ((1vw - 0.2rem) * 1.542), 2.2rem);font-style:normal;font-weight:500;letter-spacing:0px;line-height:1.3;text-transform:none\">L&rsquo;exemple de Merveilles du Monde<\/h3>\n\n\n\n<p><\/p>\n\n\n\n<p class=\"has-text-align-left has-text-color\" style=\"color:#03081e;margin-top:0rem;font-size:clamp(0.875rem, 0.875rem + ((1vw - 0.2rem) * 0.227), 1rem);font-style:normal;font-weight:400;line-height:1.6\">C\u2019est ce qui s\u2019est produit lors du relancement, par notre licenci\u00e9 Krokola, de Merveilles du Monde sur le march\u00e9 tr\u00e8s concurrentiel des tablettes de chocolat avec\u00a0:<\/p>\n\n\n\n<p class=\"has-text-align-left has-text-color\" style=\"color:#03081e;margin-top:0rem;font-size:clamp(0.875rem, 0.875rem + ((1vw - 0.2rem) * 0.227), 1rem);font-style:normal;font-weight:400;line-height:1.6\"><strong>un succ\u00e8s commercial<\/strong>&nbsp;: &nbsp;En 18 mois, pr\u00e8s de 5 &nbsp;millions de tablettes de chocolat ont \u00e9t\u00e9 vendues et la marque s\u2019est \u00e9tendue 1 an apr\u00e8s son lancement sur le march\u00e9 des p\u00e2tes \u00e0 tartiner avec un r\u00e9f\u00e9rencement tr\u00e8s rapide<\/p>\n\n\n\n<p class=\"has-text-align-left has-text-color\" style=\"color:#03081e;margin-top:0rem;font-size:clamp(0.875rem, 0.875rem + ((1vw - 0.2rem) * 0.227), 1rem);font-style:normal;font-weight:400;line-height:1.6\"><strong>un accueil exceptionnel<\/strong> des distributeurs qui a permis un r\u00e9f\u00e9rencement tr\u00e8s rapide dans &nbsp;toutes les enseignes GMS<\/p>\n\n\n\n<p class=\"has-text-align-left has-text-color\" style=\"color:#03081e;margin-top:0rem;font-size:clamp(0.875rem, 0.875rem + ((1vw - 0.2rem) * 0.227), 1rem);font-style:normal;font-weight:400;line-height:1.6\"><strong>un buzz maximal<\/strong> dans les media TV, presse et radio<\/p>\n<\/div>\n<\/div>\n<\/div>\n<\/section>\n\n\n\n<div class=\"wp-block-buttons alignfull is-content-justification-center is-layout-flex wp-container-core-buttons-is-layout-a89b3969 wp-block-buttons-is-layout-flex\">\n<div class=\"wp-block-button has-custom-width wp-block-button__width-50 is-style-fill\"><a class=\"wp-block-button__link has-text-color has-background has-border-color has-text-align-center has-custom-font-size wp-element-button\" href=\"https:\/\/lalsacienne.com\/index.php\/nos-marques\/\" style=\"border-color:#041d55;border-style:solid;border-width:1px;border-radius:2.5rem;color:#edf0f7;background-color:#200bf7;padding-top:1.1rem;padding-right:0.81rem;padding-bottom:1.1rem;padding-left:0.81rem;font-size:clamp(0.875rem, 0.875rem + ((1vw - 0.2rem) * 0.609), 1.21rem);font-style:normal;font-weight:400;line-height:1;text-transform:none\">Toutes nos marques<\/a><\/div>\n<\/div>\n\n\n\n<section class=\"wp-block-cover alignfull is-light\" style=\"margin-top:25px;padding-bottom:12.51rem;min-height:497px;aspect-ratio:unset;\"><img loading=\"lazy\" decoding=\"async\" width=\"1920\" height=\"1099\" class=\"wp-block-cover__image-background wp-image-109\" alt=\"\" src=\"https:\/\/lalsacienne.com\/wp-content\/uploads\/2024\/10\/Contact.png\" style=\"object-position:100% 0%\" data-object-fit=\"cover\" data-object-position=\"100% 0%\" srcset=\"https:\/\/lalsacienne.com\/wp-content\/uploads\/2024\/10\/Contact.png 1920w, https:\/\/lalsacienne.com\/wp-content\/uploads\/2024\/10\/Contact-300x172.png 300w, https:\/\/lalsacienne.com\/wp-content\/uploads\/2024\/10\/Contact-1024x586.png 1024w, https:\/\/lalsacienne.com\/wp-content\/uploads\/2024\/10\/Contact-768x440.png 768w, https:\/\/lalsacienne.com\/wp-content\/uploads\/2024\/10\/Contact-1536x879.png 1536w\" sizes=\"auto, (max-width: 1920px) 100vw, 1920px\" \/><span aria-hidden=\"true\" class=\"wp-block-cover__background has-background-dim-70 has-background-dim\" style=\"background-color:#fdfdfd\"><\/span><div class=\"wp-block-cover__inner-container is-layout-flow wp-block-cover-is-layout-flow\">\n<div class=\"wp-block-group alignfull has-text-color has-global-padding is-layout-constrained wp-container-core-group-is-layout-6f61d7e7 wp-block-group-is-layout-constrained\" style=\"color:#252525;margin-top:0px;padding-top:0rem;padding-right:1rem;padding-bottom:0rem;padding-left:1rem;font-size:clamp(0.875rem, 0.875rem + ((1vw - 0.2rem) * 0.464), 1.13rem);font-style:normal;font-weight:400;line-height:1.4\">\n<div class=\"wp-block-group is-vertical is-content-justification-center is-layout-flex wp-container-core-group-is-layout-b6c1f246 wp-block-group-is-layout-flex\">\n<div class=\"wp-block-group has-global-padding is-layout-constrained wp-container-core-group-is-layout-a099c240 wp-block-group-is-layout-constrained\">\n<p><\/p>\n\n\n\n<h2 class=\"wp-block-heading has-text-align-center has-text-color\" style=\"color:#07277c;margin-bottom:0rem;font-size:clamp(1.146rem, 1.146rem + ((1vw - 0.2rem) * 1.189), 1.8rem);font-style:normal;font-weight:500;line-height:1.2;text-transform:none\">Envie de faire rena\u00eetre une marque <\/h2>\n\n\n\n<div class=\"wp-block-group is-vertical is-content-justification-stretch is-layout-flex wp-container-core-group-is-layout-be82aac6 wp-block-group-is-layout-flex\" style=\"margin-top:0rem;padding-right:0px;padding-left:0px\">\n<div class=\"wp-block-group has-global-padding is-content-justification-center is-layout-constrained wp-container-core-group-is-layout-0638dde4 wp-block-group-is-layout-constrained\" style=\"margin-top:0px\">\n<div class=\"wp-block-buttons is-horizontal is-content-justification-right is-layout-flex wp-container-core-buttons-is-layout-1b0e492f wp-block-buttons-is-layout-flex\" style=\"margin-top:2.21rem\">\n<div class=\"wp-block-button has-custom-width wp-block-button__width-100 is-style-fill\"><a class=\"wp-block-button__link has-text-color has-background has-border-color has-custom-font-size wp-element-button\" href=\"https:\/\/lalsacienne.com\/index.php\/contact\/\" style=\"border-color:#041d55;border-style:solid;border-width:1px;border-radius:2.5rem;color:#edf0f7;background-color:#200bf7;padding-top:1.1rem;padding-right:0.81rem;padding-bottom:1.1rem;padding-left:0.81rem;font-size:clamp(0.875rem, 0.875rem + ((1vw - 0.2rem) * 0.609), 1.21rem);font-style:normal;font-weight:400;line-height:1;text-transform:none\">Contactez-nous<\/a><\/div>\n<\/div>\n<\/div>\n<\/div>\n<\/div>\n<\/div>\n\n\n\n<div class=\"wp-block-group is-vertical is-content-justification-center is-layout-flex wp-container-core-group-is-layout-b6c1f246 wp-block-group-is-layout-flex\">\n<div class=\"wp-block-group has-global-padding is-layout-constrained wp-container-core-group-is-layout-a099c240 wp-block-group-is-layout-constrained\">\n<div class=\"wp-block-group is-vertical is-content-justification-stretch is-layout-flex wp-container-core-group-is-layout-be82aac6 wp-block-group-is-layout-flex\" style=\"margin-top:0rem;padding-right:0px;padding-left:0px\">\n<div class=\"wp-block-group has-global-padding is-content-justification-center is-layout-constrained wp-container-core-group-is-layout-0638dde4 wp-block-group-is-layout-constrained\" style=\"margin-top:0px\">\n<div class=\"wp-block-buttons is-horizontal is-content-justification-right is-layout-flex wp-container-core-buttons-is-layout-1b0e492f wp-block-buttons-is-layout-flex\" style=\"margin-top:2.21rem\"><\/div>\n<\/div>\n<\/div>\n<\/div>\n<\/div>\n<\/div>\n\n\n\n<figure class=\"wp-block-image aligncenter size-medium is-resized\"><a href=\"https:\/\/www.linkedin.com\/company\/l-alsacienne-co\/\"><img loading=\"lazy\" decoding=\"async\" width=\"300\" height=\"73\" src=\"https:\/\/lalsacienne.com\/wp-content\/uploads\/2024\/11\/LI-Logo-300x73.png\" alt=\"\" class=\"wp-image-264\" style=\"width:245px;height:auto\" srcset=\"https:\/\/lalsacienne.com\/wp-content\/uploads\/2024\/11\/LI-Logo-300x73.png 300w, https:\/\/lalsacienne.com\/wp-content\/uploads\/2024\/11\/LI-Logo-1024x250.png 1024w, https:\/\/lalsacienne.com\/wp-content\/uploads\/2024\/11\/LI-Logo-768x187.png 768w, https:\/\/lalsacienne.com\/wp-content\/uploads\/2024\/11\/LI-Logo-1536x375.png 1536w, https:\/\/lalsacienne.com\/wp-content\/uploads\/2024\/11\/LI-Logo-2048x500.png 2048w\" sizes=\"auto, (max-width: 300px) 100vw, 300px\" \/><\/a><\/figure>\n\n\n\n<h2 class=\"wp-block-heading has-text-align-center has-text-color\" style=\"color:#07277c;margin-bottom:0rem;font-size:clamp(1.146rem, 1.146rem + ((1vw - 0.2rem) * 1.189), 1.8rem);font-style:normal;font-weight:500;line-height:1.2;text-transform:none\">Suivez notre activit\u00e9 <\/h2>\n<\/div><\/section>\n\n\n\n<p><\/p>\n","protected":false},"excerpt":{"rendered":"<p>Faire rena\u00eetre des marques alimentaires iconiques Les atouts de la relance de marques Un r\u00e9f\u00e9rencement acc\u00e9l\u00e9r\u00e9&nbsp;: leur notori\u00e9t\u00e9, leur image, leur concept sp\u00e9cifique et leur preuve de succ\u00e8s pass\u00e9e sont des atouts aupr\u00e8s des distributeurs Une nostalgie forte des consommateurs pour les marques patrimoniales Un buzz aupr\u00e8s des media int\u00e9ress\u00e9s par la renaissance de marques [&hellip;]<\/p>\n","protected":false},"author":1,"featured_media":0,"parent":0,"menu_order":0,"comment_status":"closed","ping_status":"closed","template":"","meta":{"footnotes":""},"class_list":["post-22","page","type-page","status-publish","hentry"],"yoast_head":"<!-- This site is optimized with the Yoast SEO plugin v26.1.1 - https:\/\/yoast.com\/wordpress\/plugins\/seo\/ -->\n<title>Accueil - L&#039;Alsacienne &amp; Co<\/title>\n<meta name=\"robots\" content=\"index, follow, max-snippet:-1, max-image-preview:large, max-video-preview:-1\" \/>\n<link rel=\"canonical\" href=\"https:\/\/lalsacienne.com\/\" \/>\n<meta property=\"og:locale\" content=\"fr_FR\" \/>\n<meta property=\"og:type\" content=\"article\" \/>\n<meta property=\"og:title\" content=\"Accueil - L&#039;Alsacienne &amp; Co\" \/>\n<meta property=\"og:description\" content=\"Faire rena\u00eetre des marques alimentaires iconiques Les atouts de la relance de marques Un r\u00e9f\u00e9rencement acc\u00e9l\u00e9r\u00e9&nbsp;: leur notori\u00e9t\u00e9, leur image, leur concept sp\u00e9cifique et leur preuve de succ\u00e8s pass\u00e9e sont des atouts aupr\u00e8s des distributeurs Une nostalgie forte des consommateurs pour les marques patrimoniales Un buzz aupr\u00e8s des media int\u00e9ress\u00e9s par la renaissance de marques [&hellip;]\" \/>\n<meta property=\"og:url\" content=\"https:\/\/lalsacienne.com\/\" \/>\n<meta property=\"og:site_name\" content=\"L&#039;Alsacienne &amp; Co\" \/>\n<meta property=\"article:modified_time\" content=\"2025-10-17T07:44:14+00:00\" \/>\n<meta property=\"og:image\" content=\"https:\/\/lalsacienne.com\/wp-content\/uploads\/2024\/10\/74577291165d603dda0463_merveilles-du-monde-nouvelles-tablette-2-1024x576.jpg\" \/>\n<meta name=\"twitter:card\" content=\"summary_large_image\" \/>\n<meta name=\"twitter:label1\" content=\"Dur\u00e9e de lecture estim\u00e9e\" \/>\n\t<meta name=\"twitter:data1\" content=\"3 minutes\" \/>\n<script type=\"application\/ld+json\" class=\"yoast-schema-graph\">{\"@context\":\"https:\/\/schema.org\",\"@graph\":[{\"@type\":\"WebPage\",\"@id\":\"https:\/\/lalsacienne.com\/\",\"url\":\"https:\/\/lalsacienne.com\/\",\"name\":\"Accueil - L&#039;Alsacienne &amp; Co\",\"isPartOf\":{\"@id\":\"https:\/\/lalsacienne.com\/#website\"},\"primaryImageOfPage\":{\"@id\":\"https:\/\/lalsacienne.com\/#primaryimage\"},\"image\":{\"@id\":\"https:\/\/lalsacienne.com\/#primaryimage\"},\"thumbnailUrl\":\"https:\/\/lalsacienne.com\/wp-content\/uploads\/2024\/10\/74577291165d603dda0463_merveilles-du-monde-nouvelles-tablette-2-1024x576.jpg\",\"datePublished\":\"2024-10-17T12:00:51+00:00\",\"dateModified\":\"2025-10-17T07:44:14+00:00\",\"breadcrumb\":{\"@id\":\"https:\/\/lalsacienne.com\/#breadcrumb\"},\"inLanguage\":\"fr-FR\",\"potentialAction\":[{\"@type\":\"ReadAction\",\"target\":[\"https:\/\/lalsacienne.com\/\"]}]},{\"@type\":\"ImageObject\",\"inLanguage\":\"fr-FR\",\"@id\":\"https:\/\/lalsacienne.com\/#primaryimage\",\"url\":\"https:\/\/lalsacienne.com\/wp-content\/uploads\/2024\/10\/74577291165d603dda0463_merveilles-du-monde-nouvelles-tablette-2.jpg\",\"contentUrl\":\"https:\/\/lalsacienne.com\/wp-content\/uploads\/2024\/10\/74577291165d603dda0463_merveilles-du-monde-nouvelles-tablette-2.jpg\",\"width\":1200,\"height\":675},{\"@type\":\"BreadcrumbList\",\"@id\":\"https:\/\/lalsacienne.com\/#breadcrumb\",\"itemListElement\":[{\"@type\":\"ListItem\",\"position\":1,\"name\":\"Accueil\",\"item\":\"https:\/\/lalsacienne.com\/\"},{\"@type\":\"ListItem\",\"position\":2,\"name\":\"Accueil\"}]},{\"@type\":\"WebSite\",\"@id\":\"https:\/\/lalsacienne.com\/#website\",\"url\":\"https:\/\/lalsacienne.com\/\",\"name\":\"L'Alsacienne & Co\",\"description\":\"\",\"publisher\":{\"@id\":\"https:\/\/lalsacienne.com\/#organization\"},\"potentialAction\":[{\"@type\":\"SearchAction\",\"target\":{\"@type\":\"EntryPoint\",\"urlTemplate\":\"https:\/\/lalsacienne.com\/?s={search_term_string}\"},\"query-input\":{\"@type\":\"PropertyValueSpecification\",\"valueRequired\":true,\"valueName\":\"search_term_string\"}}],\"inLanguage\":\"fr-FR\"},{\"@type\":\"Organization\",\"@id\":\"https:\/\/lalsacienne.com\/#organization\",\"name\":\"L'Alsacienne & Co\",\"url\":\"https:\/\/lalsacienne.com\/\",\"logo\":{\"@type\":\"ImageObject\",\"inLanguage\":\"fr-FR\",\"@id\":\"https:\/\/lalsacienne.com\/#\/schema\/logo\/image\/\",\"url\":\"https:\/\/lalsacienne.com\/wp-content\/uploads\/2024\/10\/Logo-lalsacienne-2.jpg\",\"contentUrl\":\"https:\/\/lalsacienne.com\/wp-content\/uploads\/2024\/10\/Logo-lalsacienne-2.jpg\",\"width\":153,\"height\":135,\"caption\":\"L'Alsacienne & Co\"},\"image\":{\"@id\":\"https:\/\/lalsacienne.com\/#\/schema\/logo\/image\/\"},\"sameAs\":[\"https:\/\/www.linkedin.com\/company\/l-alsacienne-co\/?viewAsMember=true\"]}]}<\/script>\n<!-- \/ Yoast SEO plugin. -->","yoast_head_json":{"title":"Accueil - L&#039;Alsacienne &amp; Co","robots":{"index":"index","follow":"follow","max-snippet":"max-snippet:-1","max-image-preview":"max-image-preview:large","max-video-preview":"max-video-preview:-1"},"canonical":"https:\/\/lalsacienne.com\/","og_locale":"fr_FR","og_type":"article","og_title":"Accueil - L&#039;Alsacienne &amp; Co","og_description":"Faire rena\u00eetre des marques alimentaires iconiques Les atouts de la relance de marques Un r\u00e9f\u00e9rencement acc\u00e9l\u00e9r\u00e9&nbsp;: leur notori\u00e9t\u00e9, leur image, leur concept sp\u00e9cifique et leur preuve de succ\u00e8s pass\u00e9e sont des atouts aupr\u00e8s des distributeurs Une nostalgie forte des consommateurs pour les marques patrimoniales Un buzz aupr\u00e8s des media int\u00e9ress\u00e9s par la renaissance de marques [&hellip;]","og_url":"https:\/\/lalsacienne.com\/","og_site_name":"L&#039;Alsacienne &amp; Co","article_modified_time":"2025-10-17T07:44:14+00:00","og_image":[{"url":"https:\/\/lalsacienne.com\/wp-content\/uploads\/2024\/10\/74577291165d603dda0463_merveilles-du-monde-nouvelles-tablette-2-1024x576.jpg","type":"","width":"","height":""}],"twitter_card":"summary_large_image","twitter_misc":{"Dur\u00e9e de lecture estim\u00e9e":"3 minutes"},"schema":{"@context":"https:\/\/schema.org","@graph":[{"@type":"WebPage","@id":"https:\/\/lalsacienne.com\/","url":"https:\/\/lalsacienne.com\/","name":"Accueil - L&#039;Alsacienne &amp; Co","isPartOf":{"@id":"https:\/\/lalsacienne.com\/#website"},"primaryImageOfPage":{"@id":"https:\/\/lalsacienne.com\/#primaryimage"},"image":{"@id":"https:\/\/lalsacienne.com\/#primaryimage"},"thumbnailUrl":"https:\/\/lalsacienne.com\/wp-content\/uploads\/2024\/10\/74577291165d603dda0463_merveilles-du-monde-nouvelles-tablette-2-1024x576.jpg","datePublished":"2024-10-17T12:00:51+00:00","dateModified":"2025-10-17T07:44:14+00:00","breadcrumb":{"@id":"https:\/\/lalsacienne.com\/#breadcrumb"},"inLanguage":"fr-FR","potentialAction":[{"@type":"ReadAction","target":["https:\/\/lalsacienne.com\/"]}]},{"@type":"ImageObject","inLanguage":"fr-FR","@id":"https:\/\/lalsacienne.com\/#primaryimage","url":"https:\/\/lalsacienne.com\/wp-content\/uploads\/2024\/10\/74577291165d603dda0463_merveilles-du-monde-nouvelles-tablette-2.jpg","contentUrl":"https:\/\/lalsacienne.com\/wp-content\/uploads\/2024\/10\/74577291165d603dda0463_merveilles-du-monde-nouvelles-tablette-2.jpg","width":1200,"height":675},{"@type":"BreadcrumbList","@id":"https:\/\/lalsacienne.com\/#breadcrumb","itemListElement":[{"@type":"ListItem","position":1,"name":"Accueil","item":"https:\/\/lalsacienne.com\/"},{"@type":"ListItem","position":2,"name":"Accueil"}]},{"@type":"WebSite","@id":"https:\/\/lalsacienne.com\/#website","url":"https:\/\/lalsacienne.com\/","name":"L'Alsacienne & Co","description":"","publisher":{"@id":"https:\/\/lalsacienne.com\/#organization"},"potentialAction":[{"@type":"SearchAction","target":{"@type":"EntryPoint","urlTemplate":"https:\/\/lalsacienne.com\/?s={search_term_string}"},"query-input":{"@type":"PropertyValueSpecification","valueRequired":true,"valueName":"search_term_string"}}],"inLanguage":"fr-FR"},{"@type":"Organization","@id":"https:\/\/lalsacienne.com\/#organization","name":"L'Alsacienne & Co","url":"https:\/\/lalsacienne.com\/","logo":{"@type":"ImageObject","inLanguage":"fr-FR","@id":"https:\/\/lalsacienne.com\/#\/schema\/logo\/image\/","url":"https:\/\/lalsacienne.com\/wp-content\/uploads\/2024\/10\/Logo-lalsacienne-2.jpg","contentUrl":"https:\/\/lalsacienne.com\/wp-content\/uploads\/2024\/10\/Logo-lalsacienne-2.jpg","width":153,"height":135,"caption":"L'Alsacienne & Co"},"image":{"@id":"https:\/\/lalsacienne.com\/#\/schema\/logo\/image\/"},"sameAs":["https:\/\/www.linkedin.com\/company\/l-alsacienne-co\/?viewAsMember=true"]}]}},"_links":{"self":[{"href":"https:\/\/lalsacienne.com\/index.php\/wp-json\/wp\/v2\/pages\/22","targetHints":{"allow":["GET"]}}],"collection":[{"href":"https:\/\/lalsacienne.com\/index.php\/wp-json\/wp\/v2\/pages"}],"about":[{"href":"https:\/\/lalsacienne.com\/index.php\/wp-json\/wp\/v2\/types\/page"}],"author":[{"embeddable":true,"href":"https:\/\/lalsacienne.com\/index.php\/wp-json\/wp\/v2\/users\/1"}],"replies":[{"embeddable":true,"href":"https:\/\/lalsacienne.com\/index.php\/wp-json\/wp\/v2\/comments?post=22"}],"version-history":[{"count":95,"href":"https:\/\/lalsacienne.com\/index.php\/wp-json\/wp\/v2\/pages\/22\/revisions"}],"predecessor-version":[{"id":404,"href":"https:\/\/lalsacienne.com\/index.php\/wp-json\/wp\/v2\/pages\/22\/revisions\/404"}],"wp:attachment":[{"href":"https:\/\/lalsacienne.com\/index.php\/wp-json\/wp\/v2\/media?parent=22"}],"curies":[{"name":"wp","href":"https:\/\/api.w.org\/{rel}","templated":true}]}}