{"id":17,"date":"2024-10-17T13:48:13","date_gmt":"2024-10-17T11:48:13","guid":{"rendered":"https:\/\/lalsacienne.com\/?page_id=17"},"modified":"2024-11-07T13:36:49","modified_gmt":"2024-11-07T12:36:49","slug":"services","status":"publish","type":"page","link":"https:\/\/lalsacienne.com\/index.php\/services\/","title":{"rendered":"Services"},"content":{"rendered":"\n<div class=\"wp-block-cover alignfull is-light has-custom-body-text-color-color has-text-color\" style=\"margin-top:0;margin-bottom:0;padding-top:96px;padding-bottom:96px\"><span aria-hidden=\"true\" class=\"wp-block-cover__background has-white-background-color has-background-dim-100 has-background-dim\"><\/span><div class=\"wp-block-cover__inner-container has-global-padding is-layout-constrained wp-container-core-cover-is-layout-03e7e63e wp-block-cover-is-layout-constrained\">\n<div class=\"wp-block-columns is-layout-flex wp-container-core-columns-is-layout-49bfc11a wp-block-columns-is-layout-flex\" style=\"margin-bottom:80px\">\n<div class=\"wp-block-column is-layout-flow wp-block-column-is-layout-flow\">\n<figure class=\"wp-block-image alignleft size-full is-resized\"><img loading=\"lazy\" decoding=\"async\" width=\"1757\" height=\"2560\" src=\"https:\/\/lalsacienne.com\/wp-content\/uploads\/2024\/10\/Juridique-1-scaled.jpg\" alt=\"\" class=\"wp-image-228\" style=\"object-fit:cover;width:200px;height:undefinedpx\" srcset=\"https:\/\/lalsacienne.com\/wp-content\/uploads\/2024\/10\/Juridique-1-scaled.jpg 1757w, https:\/\/lalsacienne.com\/wp-content\/uploads\/2024\/10\/Juridique-1-206x300.jpg 206w, https:\/\/lalsacienne.com\/wp-content\/uploads\/2024\/10\/Juridique-1-703x1024.jpg 703w, https:\/\/lalsacienne.com\/wp-content\/uploads\/2024\/10\/Juridique-1-768x1119.jpg 768w, https:\/\/lalsacienne.com\/wp-content\/uploads\/2024\/10\/Juridique-1-1054x1536.jpg 1054w, https:\/\/lalsacienne.com\/wp-content\/uploads\/2024\/10\/Juridique-1-1406x2048.jpg 1406w\" sizes=\"auto, (max-width: 1757px) 100vw, 1757px\" \/><\/figure>\n<\/div>\n\n\n\n<div class=\"wp-block-column is-vertically-aligned-center is-layout-flow wp-block-column-is-layout-flow\" style=\"padding-left:0\">\n<h3 class=\"wp-block-heading has-text-color has-suranna-font-family\" style=\"color:#000000;padding-bottom:20px;font-size:clamp(18.959px, 1.185rem + ((1vw - 3.2px) * 1.255), 30px);font-style:normal;font-weight:400;line-height:0.6\">Juridique<\/h3>\n\n\n\n<p class=\"has-text-color has-outfit-font-family\" style=\"color:#000000;font-size:clamp(14px, 0.875rem + ((1vw - 3.2px) * 0.114), 15px);font-style:normal;font-weight:400;line-height:1.6\">Nous nous assurons de la viabilit\u00e9 juridique des marques dont nous sommes propri\u00e9taires. Nous apportons un conseil juridique aux entreprises int\u00e9ress\u00e9es par l\u2019exploitation de celles-ci.<\/p>\n<\/div>\n<\/div>\n\n\n\n<hr class=\"wp-block-separator has-alpha-channel-opacity\"\/>\n\n\n\n<div class=\"wp-block-columns is-layout-flex wp-container-core-columns-is-layout-49bfc11a wp-block-columns-is-layout-flex\" style=\"margin-bottom:80px\">\n<div class=\"wp-block-column is-vertically-aligned-center is-layout-flow wp-block-column-is-layout-flow\" style=\"padding-left:0\">\n<h3 class=\"wp-block-heading has-text-color has-suranna-font-family\" style=\"color:#000000;padding-bottom:20px;font-size:clamp(18.959px, 1.185rem + ((1vw - 3.2px) * 1.255), 30px);font-style:normal;font-weight:400;line-height:0.6\">Marketing et commercial<\/h3>\n\n\n\n<p class=\"has-text-color has-outfit-font-family\" style=\"color:#000000;font-size:clamp(14px, 0.875rem + ((1vw - 3.2px) * 0.114), 15px);font-style:normal;font-weight:400;line-height:1.6\">Nous apportons un conseil dans la relance marketing, notamment concernant le territoire de marque et les concepts produits. Nous appuyons \u00e9galement la relance des marques, notamment par la d\u00e9finition de l\u2019offre (positionnement, cible, type de produit, largeur de gamme, prix).&nbsp;<\/p>\n<\/div>\n\n\n\n<div class=\"wp-block-column is-layout-flow wp-block-column-is-layout-flow\">\n<figure class=\"wp-block-image alignright size-full is-resized\"><img loading=\"lazy\" decoding=\"async\" width=\"1920\" height=\"1478\" src=\"https:\/\/lalsacienne.com\/wp-content\/uploads\/2024\/10\/Marketing.png\" alt=\"\" class=\"wp-image-230\" style=\"object-fit:cover;width:200px;height:undefinedpx\" srcset=\"https:\/\/lalsacienne.com\/wp-content\/uploads\/2024\/10\/Marketing.png 1920w, https:\/\/lalsacienne.com\/wp-content\/uploads\/2024\/10\/Marketing-300x231.png 300w, https:\/\/lalsacienne.com\/wp-content\/uploads\/2024\/10\/Marketing-1024x788.png 1024w, https:\/\/lalsacienne.com\/wp-content\/uploads\/2024\/10\/Marketing-768x591.png 768w, https:\/\/lalsacienne.com\/wp-content\/uploads\/2024\/10\/Marketing-1536x1182.png 1536w\" sizes=\"auto, (max-width: 1920px) 100vw, 1920px\" \/><\/figure>\n<\/div>\n<\/div>\n\n\n\n<hr class=\"wp-block-separator has-alpha-channel-opacity\"\/>\n\n\n\n<div class=\"wp-block-columns is-layout-flex wp-container-core-columns-is-layout-05864f54 wp-block-columns-is-layout-flex\" style=\"margin-bottom:80px\">\n<div class=\"wp-block-column is-layout-flow wp-block-column-is-layout-flow\">\n<figure class=\"wp-block-image size-full is-resized\"><img loading=\"lazy\" decoding=\"async\" width=\"1920\" height=\"1280\" src=\"https:\/\/lalsacienne.com\/wp-content\/uploads\/2024\/10\/Chocolate-factory.png\" alt=\"\" class=\"wp-image-229\" style=\"object-fit:cover;width:200px;height:undefinedpx\" srcset=\"https:\/\/lalsacienne.com\/wp-content\/uploads\/2024\/10\/Chocolate-factory.png 1920w, https:\/\/lalsacienne.com\/wp-content\/uploads\/2024\/10\/Chocolate-factory-300x200.png 300w, https:\/\/lalsacienne.com\/wp-content\/uploads\/2024\/10\/Chocolate-factory-1024x683.png 1024w, https:\/\/lalsacienne.com\/wp-content\/uploads\/2024\/10\/Chocolate-factory-768x512.png 768w, https:\/\/lalsacienne.com\/wp-content\/uploads\/2024\/10\/Chocolate-factory-1536x1024.png 1536w\" sizes=\"auto, (max-width: 1920px) 100vw, 1920px\" \/><\/figure>\n<\/div>\n\n\n\n<div class=\"wp-block-column is-vertically-aligned-center is-layout-flow wp-block-column-is-layout-flow\" style=\"padding-left:0\">\n<h3 class=\"wp-block-heading has-text-color has-suranna-font-family\" style=\"color:#000000;padding-bottom:20px;font-size:clamp(18.959px, 1.185rem + ((1vw - 3.2px) * 1.255), 30px);font-style:normal;font-weight:400;line-height:0.6\">Industriel<\/h3>\n\n\n\n<p class=\"has-text-color has-outfit-font-family\" style=\"color:#000000;font-size:clamp(14px, 0.875rem + ((1vw - 3.2px) * 0.114), 15px);font-style:normal;font-weight:400;line-height:1.6\">Nous cherchons et mettons en relation nos partenaires licenci\u00e9s avec des fabricants si besoin<\/p>\n<\/div>\n<\/div>\n<\/div><\/div>\n\n\n\n<p><\/p>\n","protected":false},"excerpt":{"rendered":"","protected":false},"author":1,"featured_media":0,"parent":0,"menu_order":0,"comment_status":"closed","ping_status":"closed","template":"","meta":{"footnotes":""},"class_list":["post-17","page","type-page","status-publish","hentry"],"yoast_head":"<!-- This site is optimized with the Yoast SEO plugin v26.1.1 - https:\/\/yoast.com\/wordpress\/plugins\/seo\/ -->\n<title>Services - L&#039;Alsacienne &amp; Co<\/title>\n<meta name=\"robots\" content=\"index, follow, max-snippet:-1, max-image-preview:large, max-video-preview:-1\" \/>\n<link rel=\"canonical\" href=\"https:\/\/lalsacienne.com\/index.php\/services\/\" \/>\n<meta property=\"og:locale\" content=\"fr_FR\" \/>\n<meta property=\"og:type\" content=\"article\" \/>\n<meta property=\"og:title\" content=\"Services - L&#039;Alsacienne &amp; Co\" \/>\n<meta property=\"og:url\" content=\"https:\/\/lalsacienne.com\/index.php\/services\/\" \/>\n<meta property=\"og:site_name\" content=\"L&#039;Alsacienne &amp; Co\" \/>\n<meta property=\"article:modified_time\" content=\"2024-11-07T12:36:49+00:00\" \/>\n<meta property=\"og:image\" content=\"http:\/\/lalsacienne.com\/wp-content\/uploads\/2024\/10\/Juridique-1-scaled.jpg\" \/>\n<meta name=\"twitter:card\" content=\"summary_large_image\" \/>\n<script type=\"application\/ld+json\" class=\"yoast-schema-graph\">{\"@context\":\"https:\/\/schema.org\",\"@graph\":[{\"@type\":\"WebPage\",\"@id\":\"https:\/\/lalsacienne.com\/index.php\/services\/\",\"url\":\"https:\/\/lalsacienne.com\/index.php\/services\/\",\"name\":\"Services - L&#039;Alsacienne &amp; Co\",\"isPartOf\":{\"@id\":\"https:\/\/lalsacienne.com\/#website\"},\"primaryImageOfPage\":{\"@id\":\"https:\/\/lalsacienne.com\/index.php\/services\/#primaryimage\"},\"image\":{\"@id\":\"https:\/\/lalsacienne.com\/index.php\/services\/#primaryimage\"},\"thumbnailUrl\":\"http:\/\/lalsacienne.com\/wp-content\/uploads\/2024\/10\/Juridique-1-scaled.jpg\",\"datePublished\":\"2024-10-17T11:48:13+00:00\",\"dateModified\":\"2024-11-07T12:36:49+00:00\",\"breadcrumb\":{\"@id\":\"https:\/\/lalsacienne.com\/index.php\/services\/#breadcrumb\"},\"inLanguage\":\"fr-FR\",\"potentialAction\":[{\"@type\":\"ReadAction\",\"target\":[\"https:\/\/lalsacienne.com\/index.php\/services\/\"]}]},{\"@type\":\"ImageObject\",\"inLanguage\":\"fr-FR\",\"@id\":\"https:\/\/lalsacienne.com\/index.php\/services\/#primaryimage\",\"url\":\"https:\/\/lalsacienne.com\/wp-content\/uploads\/2024\/10\/Juridique-1-scaled.jpg\",\"contentUrl\":\"https:\/\/lalsacienne.com\/wp-content\/uploads\/2024\/10\/Juridique-1-scaled.jpg\",\"width\":1757,\"height\":2560},{\"@type\":\"BreadcrumbList\",\"@id\":\"https:\/\/lalsacienne.com\/index.php\/services\/#breadcrumb\",\"itemListElement\":[{\"@type\":\"ListItem\",\"position\":1,\"name\":\"Accueil\",\"item\":\"https:\/\/lalsacienne.com\/\"},{\"@type\":\"ListItem\",\"position\":2,\"name\":\"Services\"}]},{\"@type\":\"WebSite\",\"@id\":\"https:\/\/lalsacienne.com\/#website\",\"url\":\"https:\/\/lalsacienne.com\/\",\"name\":\"L'Alsacienne & Co\",\"description\":\"\",\"publisher\":{\"@id\":\"https:\/\/lalsacienne.com\/#organization\"},\"potentialAction\":[{\"@type\":\"SearchAction\",\"target\":{\"@type\":\"EntryPoint\",\"urlTemplate\":\"https:\/\/lalsacienne.com\/?s={search_term_string}\"},\"query-input\":{\"@type\":\"PropertyValueSpecification\",\"valueRequired\":true,\"valueName\":\"search_term_string\"}}],\"inLanguage\":\"fr-FR\"},{\"@type\":\"Organization\",\"@id\":\"https:\/\/lalsacienne.com\/#organization\",\"name\":\"L'Alsacienne & Co\",\"url\":\"https:\/\/lalsacienne.com\/\",\"logo\":{\"@type\":\"ImageObject\",\"inLanguage\":\"fr-FR\",\"@id\":\"https:\/\/lalsacienne.com\/#\/schema\/logo\/image\/\",\"url\":\"https:\/\/lalsacienne.com\/wp-content\/uploads\/2024\/10\/Logo-lalsacienne-2.jpg\",\"contentUrl\":\"https:\/\/lalsacienne.com\/wp-content\/uploads\/2024\/10\/Logo-lalsacienne-2.jpg\",\"width\":153,\"height\":135,\"caption\":\"L'Alsacienne & Co\"},\"image\":{\"@id\":\"https:\/\/lalsacienne.com\/#\/schema\/logo\/image\/\"},\"sameAs\":[\"https:\/\/www.linkedin.com\/company\/l-alsacienne-co\/?viewAsMember=true\"]}]}<\/script>\n<!-- \/ Yoast SEO plugin. -->","yoast_head_json":{"title":"Services - L&#039;Alsacienne &amp; Co","robots":{"index":"index","follow":"follow","max-snippet":"max-snippet:-1","max-image-preview":"max-image-preview:large","max-video-preview":"max-video-preview:-1"},"canonical":"https:\/\/lalsacienne.com\/index.php\/services\/","og_locale":"fr_FR","og_type":"article","og_title":"Services - L&#039;Alsacienne &amp; Co","og_url":"https:\/\/lalsacienne.com\/index.php\/services\/","og_site_name":"L&#039;Alsacienne &amp; Co","article_modified_time":"2024-11-07T12:36:49+00:00","og_image":[{"url":"http:\/\/lalsacienne.com\/wp-content\/uploads\/2024\/10\/Juridique-1-scaled.jpg","type":"","width":"","height":""}],"twitter_card":"summary_large_image","schema":{"@context":"https:\/\/schema.org","@graph":[{"@type":"WebPage","@id":"https:\/\/lalsacienne.com\/index.php\/services\/","url":"https:\/\/lalsacienne.com\/index.php\/services\/","name":"Services - L&#039;Alsacienne &amp; Co","isPartOf":{"@id":"https:\/\/lalsacienne.com\/#website"},"primaryImageOfPage":{"@id":"https:\/\/lalsacienne.com\/index.php\/services\/#primaryimage"},"image":{"@id":"https:\/\/lalsacienne.com\/index.php\/services\/#primaryimage"},"thumbnailUrl":"http:\/\/lalsacienne.com\/wp-content\/uploads\/2024\/10\/Juridique-1-scaled.jpg","datePublished":"2024-10-17T11:48:13+00:00","dateModified":"2024-11-07T12:36:49+00:00","breadcrumb":{"@id":"https:\/\/lalsacienne.com\/index.php\/services\/#breadcrumb"},"inLanguage":"fr-FR","potentialAction":[{"@type":"ReadAction","target":["https:\/\/lalsacienne.com\/index.php\/services\/"]}]},{"@type":"ImageObject","inLanguage":"fr-FR","@id":"https:\/\/lalsacienne.com\/index.php\/services\/#primaryimage","url":"https:\/\/lalsacienne.com\/wp-content\/uploads\/2024\/10\/Juridique-1-scaled.jpg","contentUrl":"https:\/\/lalsacienne.com\/wp-content\/uploads\/2024\/10\/Juridique-1-scaled.jpg","width":1757,"height":2560},{"@type":"BreadcrumbList","@id":"https:\/\/lalsacienne.com\/index.php\/services\/#breadcrumb","itemListElement":[{"@type":"ListItem","position":1,"name":"Accueil","item":"https:\/\/lalsacienne.com\/"},{"@type":"ListItem","position":2,"name":"Services"}]},{"@type":"WebSite","@id":"https:\/\/lalsacienne.com\/#website","url":"https:\/\/lalsacienne.com\/","name":"L'Alsacienne & Co","description":"","publisher":{"@id":"https:\/\/lalsacienne.com\/#organization"},"potentialAction":[{"@type":"SearchAction","target":{"@type":"EntryPoint","urlTemplate":"https:\/\/lalsacienne.com\/?s={search_term_string}"},"query-input":{"@type":"PropertyValueSpecification","valueRequired":true,"valueName":"search_term_string"}}],"inLanguage":"fr-FR"},{"@type":"Organization","@id":"https:\/\/lalsacienne.com\/#organization","name":"L'Alsacienne & Co","url":"https:\/\/lalsacienne.com\/","logo":{"@type":"ImageObject","inLanguage":"fr-FR","@id":"https:\/\/lalsacienne.com\/#\/schema\/logo\/image\/","url":"https:\/\/lalsacienne.com\/wp-content\/uploads\/2024\/10\/Logo-lalsacienne-2.jpg","contentUrl":"https:\/\/lalsacienne.com\/wp-content\/uploads\/2024\/10\/Logo-lalsacienne-2.jpg","width":153,"height":135,"caption":"L'Alsacienne & Co"},"image":{"@id":"https:\/\/lalsacienne.com\/#\/schema\/logo\/image\/"},"sameAs":["https:\/\/www.linkedin.com\/company\/l-alsacienne-co\/?viewAsMember=true"]}]}},"_links":{"self":[{"href":"https:\/\/lalsacienne.com\/index.php\/wp-json\/wp\/v2\/pages\/17","targetHints":{"allow":["GET"]}}],"collection":[{"href":"https:\/\/lalsacienne.com\/index.php\/wp-json\/wp\/v2\/pages"}],"about":[{"href":"https:\/\/lalsacienne.com\/index.php\/wp-json\/wp\/v2\/types\/page"}],"author":[{"embeddable":true,"href":"https:\/\/lalsacienne.com\/index.php\/wp-json\/wp\/v2\/users\/1"}],"replies":[{"embeddable":true,"href":"https:\/\/lalsacienne.com\/index.php\/wp-json\/wp\/v2\/comments?post=17"}],"version-history":[{"count":8,"href":"https:\/\/lalsacienne.com\/index.php\/wp-json\/wp\/v2\/pages\/17\/revisions"}],"predecessor-version":[{"id":365,"href":"https:\/\/lalsacienne.com\/index.php\/wp-json\/wp\/v2\/pages\/17\/revisions\/365"}],"wp:attachment":[{"href":"https:\/\/lalsacienne.com\/index.php\/wp-json\/wp\/v2\/media?parent=17"}],"curies":[{"name":"wp","href":"https:\/\/api.w.org\/{rel}","templated":true}]}}